{"id":23,"date":"2018-04-09T12:06:09","date_gmt":"2018-04-09T12:06:09","guid":{"rendered":"https:\/\/breakinthedesert.com\/it\/?page_id=23"},"modified":"2022-05-09T18:24:16","modified_gmt":"2022-05-09T18:24:16","slug":"chi-e-ali","status":"publish","type":"page","link":"https:\/\/breakinthedesert.com\/it\/chi-e-ali\/","title":{"rendered":"chi \u00e8 Ali?"},"content":{"rendered":"<h4 class=\"title\">La vita \u00e8 bella e ognuno di noi ha un sogno, il mio \u00e8 quello di vivere per sempre nel deserto<\/h4>\n<div class=\"entry\">\n<p><img decoding=\"async\" loading=\"lazy\" class=\"alignleft wp-image-236 size-full\" src=\"https:\/\/breakinthedesert.com\/it\/wp-content\/uploads\/sites\/4\/2018\/04\/51fotogallery_-768x512.png\" alt=\"chi \u00e8 Ali\" width=\"240\" height=\"167\" srcset=\"https:\/\/breakinthedesert.com\/it\/wp-content\/uploads\/sites\/4\/2018\/04\/51fotogallery_-768x512.png 240w, https:\/\/breakinthedesert.com\/it\/wp-content\/uploads\/sites\/4\/2018\/04\/51fotogallery_-768x512-230x160.png 230w\" sizes=\"(max-width: 240px) 100vw, 240px\" \/>Il mio nome \u00e8 Ali, vivo nel deserto in un piccolo villaggio chiamato Hassi Labied, qui vivono circa 100 famiglie e la maggior parte di loro sono nomadi.<br \/>\nOrganizzo escursioni a dorso di cammello nel deserto e offro la possibilit\u00e0 di pernottare in tenda o dormire sotto un favoloso cielo stellato, circondati da splendide dune di sabbia, in un posto assolutamente tranquillo.<br \/>\nSe avete bisogno di qualsiasi informazione sul deserto e sulle escursioni mi potete inviare un\u2019e-mail, parlo diverse lingue: Berbero, Arabo, Francese, Inglese, Spagnolo, Tedesco, Italiano e Giapponese.<\/p>\n<p>Ho due stanze e posso ospitare fino ad un massimo di 4 persone, per le coppie posso offrire una stanza a testa, se invece viaggi da solo non ci sono problemi, ti sentirai davvero sicuro a casa mia.<br \/>\nSe desiderate essere ospitati a casa mia per favore inviatemi un\u2019e-mail per tempo, potrete trascorrere due giorni: il primo godendovi la casa, il villaggio e i paesaggi, il secondo giorno dedicato al deserto con l\u2019escursione a dorso di cammello, alla scoperta della vita nomade.<\/p>\n<p>Gradite trascorre pi\u00f9 giorni?<br \/>\nVi chiedo cortesemente di contattarmi al pi\u00f9 presto.\u00a0<span style=\"color: #ffffff;\"><a style=\"color: #ffffff;\" href=\"https:\/\/breakinthedesert.com\/it\/chi-e-ali\/\">chi \u00e8 Ali \u00a0\u00a0<\/a><\/span><\/p>\n<p>&nbsp;<\/p>\n<\/div>\n","protected":false},"excerpt":{"rendered":"<p>La vita \u00e8 bella e ognuno di noi ha un sogno, il mio \u00e8 quello di vivere per sempre nel deserto Il mio nome \u00e8 Ali, vivo nel deserto in un piccolo villaggio chiamato&#46;&#46;&#46;<\/p>\n","protected":false},"author":1,"featured_media":0,"parent":0,"menu_order":0,"comment_status":"closed","ping_status":"closed","template":"","meta":[],"yoast_head":"<!-- This site is optimized with the Yoast SEO plugin v23.4 - https:\/\/yoast.com\/wordpress\/plugins\/seo\/ -->\n<title>chi \u00e8 Ali? - Benvenuti nel sito Break in the Desert!<\/title>\n<meta name=\"description\" content=\"Il mio nome \u00e8 Ali, vivo nel deserto in un piccolo villaggio chiamato Hassi Labied, qui vivono circa 100 famiglie e la maggior parte di loro ...\" \/>\n<meta name=\"robots\" content=\"index, follow, max-snippet:-1, max-image-preview:large, max-video-preview:-1\" \/>\n<link rel=\"canonical\" href=\"https:\/\/breakinthedesert.com\/it\/chi-e-ali\/\" \/>\n<meta property=\"og:locale\" content=\"it_IT\" \/>\n<meta property=\"og:type\" content=\"article\" \/>\n<meta property=\"og:title\" content=\"chi \u00e8 Ali? - Benvenuti nel sito Break in the Desert!\" \/>\n<meta property=\"og:description\" content=\"Il mio nome \u00e8 Ali, vivo nel deserto in un piccolo villaggio chiamato Hassi Labied, qui vivono circa 100 famiglie e la maggior parte di loro ...\" \/>\n<meta property=\"og:url\" content=\"https:\/\/breakinthedesert.com\/it\/chi-e-ali\/\" \/>\n<meta property=\"og:site_name\" content=\"Benvenuti nel sito Break in the Desert!\" \/>\n<meta property=\"article:modified_time\" content=\"2022-05-09T18:24:16+00:00\" \/>\n<meta property=\"og:image\" content=\"https:\/\/breakinthedesert.com\/it\/wp-content\/uploads\/sites\/4\/2018\/04\/51fotogallery_-768x512.png\" \/>\n<meta name=\"twitter:card\" content=\"summary_large_image\" \/>\n<meta name=\"twitter:label1\" content=\"Tempo di lettura stimato\" \/>\n\t<meta name=\"twitter:data1\" content=\"2 minuti\" \/>\n<script type=\"application\/ld+json\" class=\"yoast-schema-graph\">{\"@context\":\"https:\/\/schema.org\",\"@graph\":[{\"@type\":\"WebPage\",\"@id\":\"https:\/\/breakinthedesert.com\/it\/chi-e-ali\/\",\"url\":\"https:\/\/breakinthedesert.com\/it\/chi-e-ali\/\",\"name\":\"chi \u00e8 Ali? - Benvenuti nel sito Break in the Desert!\",\"isPartOf\":{\"@id\":\"https:\/\/breakinthedesert.com\/it\/#website\"},\"primaryImageOfPage\":{\"@id\":\"https:\/\/breakinthedesert.com\/it\/chi-e-ali\/#primaryimage\"},\"image\":{\"@id\":\"https:\/\/breakinthedesert.com\/it\/chi-e-ali\/#primaryimage\"},\"thumbnailUrl\":\"https:\/\/breakinthedesert.com\/it\/wp-content\/uploads\/sites\/4\/2018\/04\/51fotogallery_-768x512.png\",\"datePublished\":\"2018-04-09T12:06:09+00:00\",\"dateModified\":\"2022-05-09T18:24:16+00:00\",\"description\":\"Il mio nome \u00e8 Ali, vivo nel deserto in un piccolo villaggio chiamato Hassi Labied, qui vivono circa 100 famiglie e la maggior parte di loro ...\",\"breadcrumb\":{\"@id\":\"https:\/\/breakinthedesert.com\/it\/chi-e-ali\/#breadcrumb\"},\"inLanguage\":\"it-IT\",\"potentialAction\":[{\"@type\":\"ReadAction\",\"target\":[\"https:\/\/breakinthedesert.com\/it\/chi-e-ali\/\"]}]},{\"@type\":\"ImageObject\",\"inLanguage\":\"it-IT\",\"@id\":\"https:\/\/breakinthedesert.com\/it\/chi-e-ali\/#primaryimage\",\"url\":\"https:\/\/breakinthedesert.com\/it\/wp-content\/uploads\/sites\/4\/2018\/04\/51fotogallery_-768x512.png\",\"contentUrl\":\"https:\/\/breakinthedesert.com\/it\/wp-content\/uploads\/sites\/4\/2018\/04\/51fotogallery_-768x512.png\"},{\"@type\":\"BreadcrumbList\",\"@id\":\"https:\/\/breakinthedesert.com\/it\/chi-e-ali\/#breadcrumb\",\"itemListElement\":[{\"@type\":\"ListItem\",\"position\":1,\"name\":\"Home\",\"item\":\"https:\/\/breakinthedesert.com\/it\/\"},{\"@type\":\"ListItem\",\"position\":2,\"name\":\"chi \u00e8 Ali?\"}]},{\"@type\":\"WebSite\",\"@id\":\"https:\/\/breakinthedesert.com\/it\/#website\",\"url\":\"https:\/\/breakinthedesert.com\/it\/\",\"name\":\"Benvenuti nel sito Break in the Desert!\",\"description\":\"Just another Breakinhedesert.com site\",\"publisher\":{\"@id\":\"https:\/\/breakinthedesert.com\/it\/#organization\"},\"potentialAction\":[{\"@type\":\"SearchAction\",\"target\":{\"@type\":\"EntryPoint\",\"urlTemplate\":\"https:\/\/breakinthedesert.com\/it\/?s={search_term_string}\"},\"query-input\":{\"@type\":\"PropertyValueSpecification\",\"valueRequired\":true,\"valueName\":\"search_term_string\"}}],\"inLanguage\":\"it-IT\"},{\"@type\":\"Organization\",\"@id\":\"https:\/\/breakinthedesert.com\/it\/#organization\",\"name\":\"Benvenuti nel sito Break in the Desert!\",\"url\":\"https:\/\/breakinthedesert.com\/it\/\",\"logo\":{\"@type\":\"ImageObject\",\"inLanguage\":\"it-IT\",\"@id\":\"https:\/\/breakinthedesert.com\/it\/#\/schema\/logo\/image\/\",\"url\":\"https:\/\/breakinthedesert.com\/it\/wp-content\/uploads\/sites\/4\/2018\/04\/cropped-cropped-logo_aliallat2-1.png\",\"contentUrl\":\"https:\/\/breakinthedesert.com\/it\/wp-content\/uploads\/sites\/4\/2018\/04\/cropped-cropped-logo_aliallat2-1.png\",\"width\":119,\"height\":160,\"caption\":\"Benvenuti nel sito Break in the Desert!\"},\"image\":{\"@id\":\"https:\/\/breakinthedesert.com\/it\/#\/schema\/logo\/image\/\"}}]}<\/script>\n<!-- \/ Yoast SEO plugin. -->","yoast_head_json":{"title":"chi \u00e8 Ali? - Benvenuti nel sito Break in the Desert!","description":"Il mio nome \u00e8 Ali, vivo nel deserto in un piccolo villaggio chiamato Hassi Labied, qui vivono circa 100 famiglie e la maggior parte di loro ...","robots":{"index":"index","follow":"follow","max-snippet":"max-snippet:-1","max-image-preview":"max-image-preview:large","max-video-preview":"max-video-preview:-1"},"canonical":"https:\/\/breakinthedesert.com\/it\/chi-e-ali\/","og_locale":"it_IT","og_type":"article","og_title":"chi \u00e8 Ali? - Benvenuti nel sito Break in the Desert!","og_description":"Il mio nome \u00e8 Ali, vivo nel deserto in un piccolo villaggio chiamato Hassi Labied, qui vivono circa 100 famiglie e la maggior parte di loro ...","og_url":"https:\/\/breakinthedesert.com\/it\/chi-e-ali\/","og_site_name":"Benvenuti nel sito Break in the Desert!","article_modified_time":"2022-05-09T18:24:16+00:00","og_image":[{"url":"https:\/\/breakinthedesert.com\/it\/wp-content\/uploads\/sites\/4\/2018\/04\/51fotogallery_-768x512.png"}],"twitter_card":"summary_large_image","twitter_misc":{"Tempo di lettura stimato":"2 minuti"},"schema":{"@context":"https:\/\/schema.org","@graph":[{"@type":"WebPage","@id":"https:\/\/breakinthedesert.com\/it\/chi-e-ali\/","url":"https:\/\/breakinthedesert.com\/it\/chi-e-ali\/","name":"chi \u00e8 Ali? - Benvenuti nel sito Break in the Desert!","isPartOf":{"@id":"https:\/\/breakinthedesert.com\/it\/#website"},"primaryImageOfPage":{"@id":"https:\/\/breakinthedesert.com\/it\/chi-e-ali\/#primaryimage"},"image":{"@id":"https:\/\/breakinthedesert.com\/it\/chi-e-ali\/#primaryimage"},"thumbnailUrl":"https:\/\/breakinthedesert.com\/it\/wp-content\/uploads\/sites\/4\/2018\/04\/51fotogallery_-768x512.png","datePublished":"2018-04-09T12:06:09+00:00","dateModified":"2022-05-09T18:24:16+00:00","description":"Il mio nome \u00e8 Ali, vivo nel deserto in un piccolo villaggio chiamato Hassi Labied, qui vivono circa 100 famiglie e la maggior parte di loro ...","breadcrumb":{"@id":"https:\/\/breakinthedesert.com\/it\/chi-e-ali\/#breadcrumb"},"inLanguage":"it-IT","potentialAction":[{"@type":"ReadAction","target":["https:\/\/breakinthedesert.com\/it\/chi-e-ali\/"]}]},{"@type":"ImageObject","inLanguage":"it-IT","@id":"https:\/\/breakinthedesert.com\/it\/chi-e-ali\/#primaryimage","url":"https:\/\/breakinthedesert.com\/it\/wp-content\/uploads\/sites\/4\/2018\/04\/51fotogallery_-768x512.png","contentUrl":"https:\/\/breakinthedesert.com\/it\/wp-content\/uploads\/sites\/4\/2018\/04\/51fotogallery_-768x512.png"},{"@type":"BreadcrumbList","@id":"https:\/\/breakinthedesert.com\/it\/chi-e-ali\/#breadcrumb","itemListElement":[{"@type":"ListItem","position":1,"name":"Home","item":"https:\/\/breakinthedesert.com\/it\/"},{"@type":"ListItem","position":2,"name":"chi \u00e8 Ali?"}]},{"@type":"WebSite","@id":"https:\/\/breakinthedesert.com\/it\/#website","url":"https:\/\/breakinthedesert.com\/it\/","name":"Benvenuti nel sito Break in the Desert!","description":"Just another Breakinhedesert.com site","publisher":{"@id":"https:\/\/breakinthedesert.com\/it\/#organization"},"potentialAction":[{"@type":"SearchAction","target":{"@type":"EntryPoint","urlTemplate":"https:\/\/breakinthedesert.com\/it\/?s={search_term_string}"},"query-input":{"@type":"PropertyValueSpecification","valueRequired":true,"valueName":"search_term_string"}}],"inLanguage":"it-IT"},{"@type":"Organization","@id":"https:\/\/breakinthedesert.com\/it\/#organization","name":"Benvenuti nel sito Break in the Desert!","url":"https:\/\/breakinthedesert.com\/it\/","logo":{"@type":"ImageObject","inLanguage":"it-IT","@id":"https:\/\/breakinthedesert.com\/it\/#\/schema\/logo\/image\/","url":"https:\/\/breakinthedesert.com\/it\/wp-content\/uploads\/sites\/4\/2018\/04\/cropped-cropped-logo_aliallat2-1.png","contentUrl":"https:\/\/breakinthedesert.com\/it\/wp-content\/uploads\/sites\/4\/2018\/04\/cropped-cropped-logo_aliallat2-1.png","width":119,"height":160,"caption":"Benvenuti nel sito Break in the Desert!"},"image":{"@id":"https:\/\/breakinthedesert.com\/it\/#\/schema\/logo\/image\/"}}]}},"_links":{"self":[{"href":"https:\/\/breakinthedesert.com\/it\/wp-json\/wp\/v2\/pages\/23"}],"collection":[{"href":"https:\/\/breakinthedesert.com\/it\/wp-json\/wp\/v2\/pages"}],"about":[{"href":"https:\/\/breakinthedesert.com\/it\/wp-json\/wp\/v2\/types\/page"}],"author":[{"embeddable":true,"href":"https:\/\/breakinthedesert.com\/it\/wp-json\/wp\/v2\/users\/1"}],"replies":[{"embeddable":true,"href":"https:\/\/breakinthedesert.com\/it\/wp-json\/wp\/v2\/comments?post=23"}],"version-history":[{"count":6,"href":"https:\/\/breakinthedesert.com\/it\/wp-json\/wp\/v2\/pages\/23\/revisions"}],"predecessor-version":[{"id":282,"href":"https:\/\/breakinthedesert.com\/it\/wp-json\/wp\/v2\/pages\/23\/revisions\/282"}],"wp:attachment":[{"href":"https:\/\/breakinthedesert.com\/it\/wp-json\/wp\/v2\/media?parent=23"}],"curies":[{"name":"wp","href":"https:\/\/api.w.org\/{rel}","templated":true}]}}